{"id":3,"date":"2024-09-13T06:36:24","date_gmt":"2024-09-13T06:36:24","guid":{"rendered":"https:\/\/solwatec.com\/?page_id=3"},"modified":"2024-09-18T11:37:39","modified_gmt":"2024-09-18T11:37:39","slug":"privacy-policy","status":"publish","type":"page","link":"https:\/\/solwatec.com\/?page_id=3","title":{"rendered":"Datenschutzerkl\u00e4rung"},"content":{"rendered":"\n<p>Wir verarbeiten und nutzen Ihre Daten grunds\u00e4tzlich unter Beachtung und Einhaltung der geltenden gesetzlichen Vorgaben.<\/p>\n\n\n\n<h3 class=\"wp-block-heading\">Namen und die Kontaktdaten des Verantwortlichen<\/h3>\n\n\n\n<p>Peter Quast<br>Licher Str. 19<br>35447 Reiskirchen<br>E-Mail info@solwatec.com<\/p>\n\n\n\n<p><br>Bei Fragen und Auskunftsersuchen wenden Sie sich an uns.<\/p>\n\n\n\n<h3 class=\"wp-block-heading\">Welche Daten werden durch uns erfasst und verarbeitet?<\/h3>\n\n\n\n<p>Wir erfassen und verarbeiten regelm\u00e4\u00dfig solche personenbezogenen Daten, die wir zur Erf\u00fcllung des Betriebszwecks, des Vertragsverh\u00e4ltnisses bzw. die Auftragsbearbeitung ben\u00f6tigen. Dies sind: Namen und Anschrift Auftraggeber, Name und Anschrift Rechnungsempf\u00e4nger, Kontaktdaten von Mitarbeitern, Anlieferadressen von Kunden.<br>Die Verarbeitungen st\u00fctzen sich dabei auf Art. 6 (1) a), b), und c) der DSGVO. Das hei\u00dft wir verarbeiten Daten nur, wenn explizit eingewilligt wurde, die Verarbeitung zur Erf\u00fcllung des Vertrages notwendig ist oder eine andere Rechtsvorschrift es verlangt.<\/p>\n\n\n\n<h3 class=\"wp-block-heading\">Dauer der Datenspeicherung<\/h3>\n\n\n\n<p>Wir speichern Ihre Daten f\u00fcr die Dauer unseres Vertragsverh\u00e4ltnisses bzw. f\u00fcr die Dauer der legitimen Zweckbindung. Danach werden Ihre Daten f\u00fcr die weitere Verwendung eingeschr\u00e4nkt und stehen ab diesem Zeitpunkt nur noch f\u00fcr die in Kapitel 3 DSGVO vorgesehenen Zwecke zur Verf\u00fcgung. Zu diesen Zwecken geh\u00f6rt insbesondere die Einhaltung der gesetzlichen Aufbewahrungsfristen sowie die Geltendmachung, Aus\u00fcbung und Verteidigung von Rechtsanspr\u00fcchen, solange hieraus Anspr\u00fcche geltend gemacht werden k\u00f6nnen. Werden Ihre Daten nicht mehr zu den o.g. Zwecken ben\u00f6tigt und sind alle Aufbewahrungsfristen abgelaufen, werden sie endg\u00fcltig gel\u00f6scht.<\/p>\n\n\n\n<h3 class=\"wp-block-heading\">Weitergabe an Dritte oder Auftragsverarbeiter<\/h3>\n\n\n\n<p>Niemals verarbeiten wir Daten -als Verantwortlicher oder durch Dritte- ohne entsprechender Rechtsgrundlage. In keinem Fall erfolgt eine Weitergabe von Daten an Unberechtigte.<br>Wenn Auftragsverarbeiter eingesetzt werden sind diese entsprechend Art. 28 auf Einhaltung unseres Datenschutzniveaus sowie Geheimhaltung verpflichtet.<br>Eine berechtigte Weitergabe an Dritte kann das hinzuziehen eines Nachunternehmers, Lieferanten, Logistikers o.\u00e4. darstellen, sofern dieses f\u00fcr die Erf\u00fcllung des Auftrages notwendig ist und durch den Auftraggeber bereits im Grundsatz legitimiert wurde.<br>Es findet keine \u00dcbermittlung in Drittstaaten statt.<\/p>\n\n\n\n<h3 class=\"wp-block-heading\">Betroffenenrechte &amp; Widerrufsrecht<\/h3>\n\n\n\n<p>Grunds\u00e4tzlich hat jede betroffene Person das Recht, auf Antrag unentgeltlich Auskunft \u00fcber die \u00fcber sie gespeicherten personenbezogenen Daten zu erhalten. Zus\u00e4tzlich hat die betroffene Person das Recht auf Berichtigung unrichtiger Daten sowie auf Sperrung, Einschr\u00e4nkung, L\u00f6schung und \u00dcbertragung -sofern dem keine anderen Rechtsvorschriften entgegenwirken-.<br>Sie haben jederzeit das Recht, ohne Angabe von Gr\u00fcnden, eine bereits erteilte Einwilligung nach Art. 6 (1) a) zu widerrufen.<br>Bei Fragen und Auskunftsersuchen, sowie zur Geltendmachung Ihrer Betroffenenrechte wenden Sie sich an unsere zentrale Auskunftstelle \u2013wie oben benannt-.<br>Unser Unternehmen hat eine externe Datenschutzbeauftragte bestellt, deren Kontaktdaten wir auf Anforderung gerne mitteilen.<br>Bei Beschwerden k\u00f6nnen Sie sich auch an die zust\u00e4ndige Aufsichtsbeh\u00f6rde, den Datenschutzbeauftragte des Landes Hessen wenden.<\/p>\n\n\n\n<h3 class=\"wp-block-heading\">Umfang der Datenverarbeitung im Bewerbungsverfahren<\/h3>\n\n\n\n<p>Wir verarbeiten Ihre personenbezogenen Daten nach Eingang Ihrer Bewerbung ausschlie\u00dflich zum Zwecke der entsprechenden Bewerbungspr\u00fcfung und m\u00f6glichen Stellenbesetzung im Sinne des Artikel 88 DSGVO \/ \u00a7 26 BDSG. Eine Weitergabe von Ihren Daten an Dritte erfolgt grunds\u00e4tzlich nicht. Eine Weitergabe Ihrer Bewerbungsdaten erfolgt niemals ohne Ihrem vorherigen Wissen und Einverst\u00e4ndnis. Die Daten werden unverz\u00fcglich nach Abschluss des Bewerbungsprozesses (in der Regel max. 6 Monate) gel\u00f6scht bzw. bei erfolgreicher Einstellung in ihre Personalakte \u00fcbernommen.<\/p>\n\n\n\n<h3 class=\"wp-block-heading\">Umfang der Datenverarbeitung im Bewerbungsverfahren<\/h3>\n\n\n\n<p><strong>Direktwerbung<\/strong><\/p>\n\n\n\n<p>Als berechtigtes Interesse behalten wir uns vor zu besonderen Anl\u00e4ssen Kunden zus\u00e4tzliche Informationen und Direktwerbung zu unseren Produkten und Dienstleitungen \u00fcber Post oder E-Mailings zur Verf\u00fcgung zu stellen. Die Zul\u00e4ssigkeit st\u00fctzt sich auf Art. 6 (1) f) DSGVO in Verbindung mit dem UWG \u00a7 7 (3). Diesem Informationsangebot k\u00f6nnen Betroffene jederzeit ohne Angabe von Gr\u00fcnden widersprechen.<\/p>\n\n\n\n<p><strong>Webseitenbetrieb |&nbsp;<\/strong><strong>Welche Daten werden auf dieser Website auf elektronischem Wege erfasst und verarbeitet?<\/strong><\/p>\n\n\n\n<p>In den sogenannten Logfiles der Webserver unserer Domain werden Informationen, die vom Internet-Browser des\/der Nutzer\/in an uns \u00fcbermittelt werden, gespeichert: IP-Adresse, Betriebssystem, Browser-Typ\/-Version, Uhrzeit der Server-Anfrage, Adressen der einzelnen Seiten, die die Nutzer\/innen hier besuchen, \u00fcbertragene Datenmenge und die Webseite, von der aus die Nutzer\/innen zu unserer Webseite gekommen sind.<br>In unserem Internetauftritt k\u00f6nnen Cookies und Java Script verwendet werden. Die Verwendung dieser Funktionalit\u00e4ten kann durch Einstellungen des Internet-Browsers durch die Nutzer\/innen ausgeschaltet werden. Diese Anwendungen unseres Internetangebots sind allerdings technisch bedingt auf den Einsatz von Cookies und\/oder Java Script angewiesen. Durch das Deaktivieren von Cookies und\/oder Java Script k\u00f6nnen diese Anwendungen dann nicht genutzt werden. Die Cookies erm\u00f6glichen der Ingenieurb\u00fcro Quast die Wiedererkennung des Internet-Browsers. Der einzelne Nutzer\/die einzelne Nutzerin bleibt anonym.<br>Die Erfassung dieser Daten erfolgt auf Grundlage von Art. 6 Abs. 1 lit. f DSGVO. Der Websitebetreiber hat ein berechtigtes Interesse an der technisch fehlerfreien Darstellung hierzu m\u00fcssen die Server-Log-Files erfasst werden.<\/p>\n\n\n\n<h3 class=\"wp-block-heading\">Widerspruchsrecht<\/h3>\n\n\n\n<p>Sie haben das Recht, ohne Angabe von Gr\u00fcnden jederzeit, gegen die Verarbeitung Sie betreffender personenbezogener Daten, die aufgrund von Artikel 6 (1) f) oder a) erfolgt, Widerspruch einzulegen.<br>Elektronische Kommunikation<br>Wenn dem Unternehmen oder einem ihrer Mitarbeiter\/innen unter dieser Dom\u00e4ne E-Mails gesendet werden, so wird die angegebene Mail-Adresse des Absenders\/der Absenderin nur f\u00fcr die Korrespondenz mit dem Sender\/der Senderin verwendet.<\/p>\n\n\n\n<h3 class=\"wp-block-heading\">SSL-Verschl\u00fcsselung<\/h3>\n\n\n\n<p>Diese Seite nutzt aus Gr\u00fcnden der Sicherheit und zum Schutz der \u00dcbertragung vertraulicher Inhalte, wie zum Beispiel der Anfragen, die Sie an uns als Seitenbetreiber senden, eine SSL-Verschl\u00fcsselung. Eine verschl\u00fcsselte Verbindung erkennen Sie daran, dass die Adresszeile des Browsers von \u201ehttp:\/\/\u201c auf \u201ehttps:\/\/\u201c wechselt und an dem Schloss-Symbol in Ihrer Browserzeile. Wenn die SSL Verschl\u00fcsselung aktiviert ist, k\u00f6nnen die Daten, die Sie an uns \u00fcbermitteln, nicht von Dritten mitgelesen werden.<\/p>\n\n\n\n<h3 class=\"wp-block-heading\">Stand<\/h3>\n\n\n\n<p>18.09.2024<\/p>\n\n\n\n<p><\/p>\n","protected":false},"excerpt":{"rendered":"<p>Wir verarbeiten und nutzen Ihre Daten grunds\u00e4tzlich unter Beachtung und Einhaltung der geltenden gesetzlichen Vorgaben. Namen und die Kontaktdaten des Verantwortlichen Peter QuastLicher Str. 1935447 ReiskirchenE-Mail info@solwatec.com Bei Fragen und Auskunftsersuchen wenden Sie sich an uns. Welche Daten werden durch uns erfasst und verarbeitet? Wir erfassen und verarbeiten regelm\u00e4\u00dfig solche personenbezogenen Daten, die wir zur [&hellip;]<\/p>\n","protected":false},"author":1,"featured_media":0,"parent":0,"menu_order":0,"comment_status":"closed","ping_status":"open","template":"","meta":{"footnotes":""},"class_list":["post-3","page","type-page","status-publish","hentry"],"_links":{"self":[{"href":"https:\/\/solwatec.com\/index.php?rest_route=\/wp\/v2\/pages\/3","targetHints":{"allow":["GET"]}}],"collection":[{"href":"https:\/\/solwatec.com\/index.php?rest_route=\/wp\/v2\/pages"}],"about":[{"href":"https:\/\/solwatec.com\/index.php?rest_route=\/wp\/v2\/types\/page"}],"author":[{"embeddable":true,"href":"https:\/\/solwatec.com\/index.php?rest_route=\/wp\/v2\/users\/1"}],"replies":[{"embeddable":true,"href":"https:\/\/solwatec.com\/index.php?rest_route=%2Fwp%2Fv2%2Fcomments&post=3"}],"version-history":[{"count":1,"href":"https:\/\/solwatec.com\/index.php?rest_route=\/wp\/v2\/pages\/3\/revisions"}],"predecessor-version":[{"id":16,"href":"https:\/\/solwatec.com\/index.php?rest_route=\/wp\/v2\/pages\/3\/revisions\/16"}],"wp:attachment":[{"href":"https:\/\/solwatec.com\/index.php?rest_route=%2Fwp%2Fv2%2Fmedia&parent=3"}],"curies":[{"name":"wp","href":"https:\/\/api.w.org\/{rel}","templated":true}]}}