{"id":26,"date":"2024-09-18T12:01:11","date_gmt":"2024-09-18T12:01:11","guid":{"rendered":"https:\/\/solwatec.com\/?page_id=26"},"modified":"2024-09-18T12:01:11","modified_gmt":"2024-09-18T12:01:11","slug":"impressum","status":"publish","type":"page","link":"https:\/\/solwatec.com\/?page_id=26","title":{"rendered":"Impressum"},"content":{"rendered":"\n<p>Herausgeber:<br>Solwatec &#8211; Peter Quast eK<br>Licher Strasse 19<br>D-35447 Reiskirchen-Hattenrod<br>Tel: 06408 \/ 962062<br>E-Mail: info@solwatec.com<br>www.solwatec.com<\/p>\n\n\n\n<p>Umsatzsteuer Identifikations Nummer:<br>DE 192025883<\/p>\n\n\n\n<p>Vertretungsberechtigte(r) Gesch\u00e4ftsf\u00fchrer:<br>Peter Quast<\/p>\n\n\n\n<p>Inhaltlich Verantwortlicher:<br>Peter Quast<\/p>\n\n\n\n<p>Haftungshinweis:<br>Trotz sorgf\u00e4ltiger inhaltlicher Kontrolle \u00fcbernehmen wir keine Haftung f\u00fcr die Inhalte externer Links. F\u00fcr den Inhalt der verlinkten Seiten sind ausschlie\u00dflich deren Betreiber verantwortlich.<\/p>\n","protected":false},"excerpt":{"rendered":"<p>Herausgeber:Solwatec &#8211; Peter Quast eKLicher Strasse 19D-35447 Reiskirchen-HattenrodTel: 06408 \/ 962062E-Mail: info@solwatec.comwww.solwatec.com Umsatzsteuer Identifikations Nummer:DE 192025883 Vertretungsberechtigte(r) Gesch\u00e4ftsf\u00fchrer:Peter Quast Inhaltlich Verantwortlicher:Peter Quast Haftungshinweis:Trotz sorgf\u00e4ltiger inhaltlicher Kontrolle \u00fcbernehmen wir keine Haftung f\u00fcr die Inhalte externer Links. F\u00fcr den Inhalt der verlinkten Seiten sind ausschlie\u00dflich deren Betreiber verantwortlich.<\/p>\n","protected":false},"author":1,"featured_media":0,"parent":0,"menu_order":0,"comment_status":"closed","ping_status":"closed","template":"","meta":{"footnotes":""},"class_list":["post-26","page","type-page","status-publish","hentry"],"_links":{"self":[{"href":"https:\/\/solwatec.com\/index.php?rest_route=\/wp\/v2\/pages\/26","targetHints":{"allow":["GET"]}}],"collection":[{"href":"https:\/\/solwatec.com\/index.php?rest_route=\/wp\/v2\/pages"}],"about":[{"href":"https:\/\/solwatec.com\/index.php?rest_route=\/wp\/v2\/types\/page"}],"author":[{"embeddable":true,"href":"https:\/\/solwatec.com\/index.php?rest_route=\/wp\/v2\/users\/1"}],"replies":[{"embeddable":true,"href":"https:\/\/solwatec.com\/index.php?rest_route=%2Fwp%2Fv2%2Fcomments&post=26"}],"version-history":[{"count":1,"href":"https:\/\/solwatec.com\/index.php?rest_route=\/wp\/v2\/pages\/26\/revisions"}],"predecessor-version":[{"id":27,"href":"https:\/\/solwatec.com\/index.php?rest_route=\/wp\/v2\/pages\/26\/revisions\/27"}],"wp:attachment":[{"href":"https:\/\/solwatec.com\/index.php?rest_route=%2Fwp%2Fv2%2Fmedia&parent=26"}],"curies":[{"name":"wp","href":"https:\/\/api.w.org\/{rel}","templated":true}]}}